{"id":552,"date":"2023-09-08T15:07:00","date_gmt":"2023-09-08T13:07:00","guid":{"rendered":"https:\/\/www.fassl-dl.com\/?page_id=552"},"modified":"2024-07-15T11:33:06","modified_gmt":"2024-07-15T10:33:06","slug":"wissenswertes","status":"publish","type":"page","link":"https:\/\/www.fassl-dl.com\/?page_id=552","title":{"rendered":"Wissenswertes"},"content":{"rendered":"\n<p>Hier finden Sie aktuelle Produktneuheiten und Wissenswertes:<\/p>\n\n\n\n<p><\/p>\n\n\n\n<h3 class=\"wp-block-heading\">Neue BAFA-F\u00f6rderung f\u00fcr Kompressoren ab Februar 2024<\/h3>\n\n\n\n<figure class=\"wp-block-image size-large is-resized is-style-default\"><a href=\"https:\/\/www.fassl-dl.com\/wp-content\/uploads\/2024\/02\/BAFA-Foerderung-2024_gerade.jpg.png\"><img loading=\"lazy\" decoding=\"async\" src=\"https:\/\/www.fassl-dl.com\/wp-content\/uploads\/2024\/02\/BAFA-Foerderung-2024_gerade.jpg.png\" alt=\"\" class=\"wp-image-615\" width=\"254\" height=\"118\" srcset=\"https:\/\/www.fassl-dl.com\/wp-content\/uploads\/2024\/02\/BAFA-Foerderung-2024_gerade.jpg.png 486w, https:\/\/www.fassl-dl.com\/wp-content\/uploads\/2024\/02\/BAFA-Foerderung-2024_gerade.jpg-300x140.png 300w\" sizes=\"auto, (max-width: 254px) 100vw, 254px\" \/><\/a><\/figure>\n\n\n\n<p>Das Bundesamt f\u00fcr Wirtschaft und Ausfuhrkontrolle (BAFA) unterst\u00fctzt kleine und mittelgro\u00dfe Unternehmen erneut finanziell beim Austausch alter Kompressoranlagen mit bis zu 25 % auf die f\u00f6rderf\u00e4hige Investition.  <\/p>\n\n\n\n<p>Bitte beachten: Mit der Umsetzung der Ma\u00dfnahmen, f\u00fcr die eine F\u00f6rderung beantragt wird bzw. wurde, darf erst nach Ausstellung des Zuwendungsbescheides begonnen werden. Nachtr\u00e4glich ist eine F\u00f6rderung nicht m\u00f6glich. <\/p>\n\n\n\n<p>Sprechen Sie uns gerne an: 06055 937800<\/p>\n\n\n\n<p>Weitere Informationen finden Sie im <a rel=\"noreferrer noopener\" href=\"\/Users\/b.haake\/Downloads\/eew_merkblatt_2024.pdf\" target=\"_blank\">Merkblatt zum F\u00f6rderprogramm <\/a>und auf der Seite der <a rel=\"noreferrer noopener\" href=\"https:\/\/www.bafa.de\/DE\/Energie\/Energieeffizienz\/Energieeffizienz_und_Prozesswaerme\/Modul1_Querschnittstechnologien\/modul1_querschnittstechnologien_node.html\" target=\"_blank\">BAFA<\/a>.<\/p>\n\n\n\n<p><\/p>\n\n\n\n<h3 class=\"wp-block-heading\">Intelligente Steuerung von bis zu vier Kompressoren<\/h3>\n\n\n\n<p><strong>RENNERconnect Easy<\/strong> erm\u00f6glicht die Steuerung von bis zu vier Kompressoren Ihrer Druckluftanlage und ist die kleinere Version der bekannten <strong>RENNERconnect<\/strong> Steuerung. Mit dieser \u00fcbergeordneten Steuerung k\u00f6nnen Sie die gr\u00f6\u00dften Energieeinsparungen erzielen. <\/p>\n\n\n\n<div class=\"wp-block-image is-style-default\"><figure class=\"alignleft size-large is-resized\"><img loading=\"lazy\" decoding=\"async\" src=\"https:\/\/www.fassl-dl.com\/wp-content\/uploads\/2023\/09\/RENNERconnectEasy.png\" alt=\"\" class=\"wp-image-561\" width=\"234\" height=\"183\"\/><\/figure><\/div>\n\n\n\n<div class=\"wp-block-group\"><div class=\"wp-block-group__inner-container is-layout-flow wp-block-group-is-layout-flow\">\n<div class=\"wp-block-columns is-layout-flex wp-container-core-columns-is-layout-1 wp-block-columns-is-layout-flex\">\n<div class=\"wp-block-column is-layout-flow wp-block-column-is-layout-flow\" style=\"flex-basis:100%\">\n<ul class=\"wp-block-list\"><li>Montagefreundlich<\/li><li>Visualisierung auf 3,5 &#8220; Display<\/li><li>Bis zu 4 Kompressoren<\/li><li>Schl\u00fcsselschalter f\u00fcr Betriebsarten<\/li><li>RENNERsimply-connect<\/li><\/ul>\n<\/div>\n<\/div>\n<\/div><\/div>\n\n\n\n<div style=\"height:20px\" aria-hidden=\"true\" class=\"wp-block-spacer\"><\/div>\n\n\n\n<p>MERKMALE:<\/p>\n\n\n\n<ul class=\"wp-block-list\"><li>Steuert und optimiert die Interaktion zwischen Drucklufterzeugung und -verbrauch.<\/li><li>Einstellbare zyklische Grundlastwechsel, f\u00fcr eine gleichm\u00e4\u00dfige Auslastung der Kompressoren.<\/li><li>Druckbandoptimierung durch eine Maximaldruckreduzierung.<\/li><li>Einfache Verbindung der RENNER Kompressoren mit Patchkabel.<\/li><li>Schnittstellenmodul f\u00fcr die Einbindung von Fremd-Kompressoren optional erh\u00e4ltlich.<\/li><li>Sicherung der RENNERconnect Easy Steuerung durch Schl\u00fcsselschalter der Betriebsarten.<\/li><li>Web-Interface f\u00fcr die \u00dcberwachung und Kontrolle aus der Ferne.<\/li><li>Bis zu 50 % BAFA-Zuschuss in Deutschland.<\/li><\/ul>\n\n\n\n<div class=\"wp-block-group\"><div class=\"wp-block-group__inner-container is-layout-flow wp-block-group-is-layout-flow\">\n<div class=\"wp-block-group\"><div class=\"wp-block-group__inner-container is-layout-flow wp-block-group-is-layout-flow\">\n<div class=\"wp-block-file\"><a href=\"https:\/\/www.fassl-dl.com\/wp-content\/uploads\/2023\/09\/RENNERconnect-Easy_Flyer-DE.pdf\">Alle Details finden Sie hier:  RENNERconnect-Easy_Flyer-DE<\/a><a href=\"https:\/\/www.fassl-dl.com\/wp-content\/uploads\/2023\/09\/RENNERconnect-Easy_Flyer-DE.pdf\" class=\"wp-block-file__button\" download>Herunterladen<\/a><\/div>\n<\/div><\/div>\n<\/div><\/div>\n\n\n\n<div style=\"height:60px\" aria-hidden=\"true\" class=\"wp-block-spacer\"><\/div>\n","protected":false},"excerpt":{"rendered":"<p>Hier finden Sie aktuelle Produktneuheiten und Wissenswertes: Neue BAFA-F\u00f6rderung f\u00fcr Kompressoren ab Februar 2024 Das Bundesamt f\u00fcr Wirtschaft und Ausfuhrkontrolle (BAFA) unterst\u00fctzt kleine und mittelgro\u00dfe Unternehmen erneut finanziell beim Austausch alter Kompressoranlagen mit bis zu 25 % auf die f\u00f6rderf\u00e4hige Investition. Bitte beachten: Mit der Umsetzung der Ma\u00dfnahmen, f\u00fcr die eine F\u00f6rderung beantragt wird bzw.\u2026 <span class=\"read-more\"><a href=\"https:\/\/www.fassl-dl.com\/?page_id=552\">Weiterlesen &raquo;<\/a><\/span><\/p>\n","protected":false},"author":1,"featured_media":0,"parent":170,"menu_order":0,"comment_status":"closed","ping_status":"closed","template":"page-templates\/full-width.php","meta":{"footnotes":""},"class_list":["post-552","page","type-page","status-publish","hentry"],"_links":{"self":[{"href":"https:\/\/www.fassl-dl.com\/index.php?rest_route=\/wp\/v2\/pages\/552","targetHints":{"allow":["GET"]}}],"collection":[{"href":"https:\/\/www.fassl-dl.com\/index.php?rest_route=\/wp\/v2\/pages"}],"about":[{"href":"https:\/\/www.fassl-dl.com\/index.php?rest_route=\/wp\/v2\/types\/page"}],"author":[{"embeddable":true,"href":"https:\/\/www.fassl-dl.com\/index.php?rest_route=\/wp\/v2\/users\/1"}],"replies":[{"embeddable":true,"href":"https:\/\/www.fassl-dl.com\/index.php?rest_route=%2Fwp%2Fv2%2Fcomments&post=552"}],"version-history":[{"count":19,"href":"https:\/\/www.fassl-dl.com\/index.php?rest_route=\/wp\/v2\/pages\/552\/revisions"}],"predecessor-version":[{"id":658,"href":"https:\/\/www.fassl-dl.com\/index.php?rest_route=\/wp\/v2\/pages\/552\/revisions\/658"}],"up":[{"embeddable":true,"href":"https:\/\/www.fassl-dl.com\/index.php?rest_route=\/wp\/v2\/pages\/170"}],"wp:attachment":[{"href":"https:\/\/www.fassl-dl.com\/index.php?rest_route=%2Fwp%2Fv2%2Fmedia&parent=552"}],"curies":[{"name":"wp","href":"https:\/\/api.w.org\/{rel}","templated":true}]}}