{"id":47,"date":"2014-09-03T10:22:16","date_gmt":"2014-09-03T08:22:16","guid":{"rendered":"http:\/\/www.fassl-dl.com\/?page_id=47"},"modified":"2023-08-08T11:05:26","modified_gmt":"2023-08-08T09:05:26","slug":"impressum","status":"publish","type":"page","link":"https:\/\/www.fassl-dl.com\/?page_id=47","title":{"rendered":"Impressum"},"content":{"rendered":"<h2>Fassl Drucklufttechnik<br \/>\nInhaber: Markus Fa\u00dfl<br \/>\nAm Nordhang 5<br \/>\n63579 Freigericht &#8211; Horbach<\/h2>\n<p>Tel.: 06055-93780-0<br \/>\nFax: 06055-93780-29<\/p>\n<p>E-Mail:\u00a0<a href=\"mailto:info@fassl-dl.com\">info@fassl-dl.com<br \/>\n<\/a>Internet:<a href=\"https:\/\/www.fassl-dl.com\/\"> www.fassl-dl.com<\/a><\/p>\n<p>USt-IdNr. DE 217998366<\/p>\n<p>Gesch\u00e4ftsform: Einzelunternehmen<br \/>\nZust\u00e4ndige Kammer: IHK Gelnhausen-Schl\u00fcchtern<\/p>\n<h3>Haftungshinweise<\/h3>\n<p>Fassl Drucklufttechnik \u00fcbernimmt keine Gew\u00e4hr f\u00fcr die Zug\u00e4nglichkeit unserer Internetseiten. Dies gilt ebenso f\u00fcr die Aktualit\u00e4t, Richtigkeit und Vollst\u00e4ndigkeit der Informationen auf den Internetseiten. Jegliche Haftung f\u00fcr Sch\u00e4den, die direkt oder indirekt aus der Benutzung unserer Internetseiten entstehen, wird ausgeschlossen, soweit diese nicht auf Vorsatz oder grober Fahrl\u00e4ssigkeit beruhen.<\/p>\n<h1><\/h1>\n","protected":false},"excerpt":{"rendered":"<p>Fassl Drucklufttechnik Inhaber: Markus Fa\u00dfl Am Nordhang 5 63579 Freigericht &#8211; Horbach Tel.: 06055-93780-0 Fax: 06055-93780-29 E-Mail:\u00a0info@fassl-dl.com Internet: www.fassl-dl.com USt-IdNr. DE 217998366 Gesch\u00e4ftsform: Einzelunternehmen Zust\u00e4ndige Kammer: IHK Gelnhausen-Schl\u00fcchtern Haftungshinweise Fassl Drucklufttechnik \u00fcbernimmt keine Gew\u00e4hr f\u00fcr die Zug\u00e4nglichkeit unserer Internetseiten. Dies gilt ebenso f\u00fcr die Aktualit\u00e4t, Richtigkeit und Vollst\u00e4ndigkeit der Informationen auf den Internetseiten. Jegliche Haftung\u2026 <span class=\"read-more\"><a href=\"https:\/\/www.fassl-dl.com\/?page_id=47\">Weiterlesen &raquo;<\/a><\/span><\/p>\n","protected":false},"author":1,"featured_media":0,"parent":0,"menu_order":0,"comment_status":"closed","ping_status":"closed","template":"page-templates\/full-width.php","meta":{"footnotes":""},"class_list":["post-47","page","type-page","status-publish","hentry"],"_links":{"self":[{"href":"https:\/\/www.fassl-dl.com\/index.php?rest_route=\/wp\/v2\/pages\/47","targetHints":{"allow":["GET"]}}],"collection":[{"href":"https:\/\/www.fassl-dl.com\/index.php?rest_route=\/wp\/v2\/pages"}],"about":[{"href":"https:\/\/www.fassl-dl.com\/index.php?rest_route=\/wp\/v2\/types\/page"}],"author":[{"embeddable":true,"href":"https:\/\/www.fassl-dl.com\/index.php?rest_route=\/wp\/v2\/users\/1"}],"replies":[{"embeddable":true,"href":"https:\/\/www.fassl-dl.com\/index.php?rest_route=%2Fwp%2Fv2%2Fcomments&post=47"}],"version-history":[{"count":9,"href":"https:\/\/www.fassl-dl.com\/index.php?rest_route=\/wp\/v2\/pages\/47\/revisions"}],"predecessor-version":[{"id":538,"href":"https:\/\/www.fassl-dl.com\/index.php?rest_route=\/wp\/v2\/pages\/47\/revisions\/538"}],"wp:attachment":[{"href":"https:\/\/www.fassl-dl.com\/index.php?rest_route=%2Fwp%2Fv2%2Fmedia&parent=47"}],"curies":[{"name":"wp","href":"https:\/\/api.w.org\/{rel}","templated":true}]}}