{"id":170,"date":"2022-03-01T18:58:45","date_gmt":"2022-03-01T16:58:45","guid":{"rendered":"http:\/\/www.fassl-dl.com\/?page_id=170"},"modified":"2024-08-22T10:04:42","modified_gmt":"2024-08-22T09:04:42","slug":"angebot-2","status":"publish","type":"page","link":"https:\/\/www.fassl-dl.com\/?page_id=170","title":{"rendered":"Angebot"},"content":{"rendered":"\n<h2 class=\"wp-block-heading\">Beratung<\/h2>\n\n\n\n<p>Wir wollen Ihnen die optimale L\u00f6sung f\u00fcr Ihre Anforderung anzubieten. Daher setzen wir mit unserer Arbeit bereits bei einer umfassenden technischen Beratung an. Gemeinsam mit Ihnen analysieren wir Ihre Anforderungen und erarbeiten ein Konzept, das Ihren heutigen und zuk\u00fcnftigen Bed\u00fcrfnissen m\u00f6glichst optimal entspricht. <\/p>\n\n\n\n<figure class=\"wp-block-image size-large is-resized\"><a href=\"https:\/\/www.fassl-dl.com\/wp-content\/uploads\/2022\/03\/Besprechung_1_klein.jpg\"><img loading=\"lazy\" decoding=\"async\" src=\"https:\/\/www.fassl-dl.com\/wp-content\/uploads\/2022\/03\/Besprechung_1_klein-1024x768.jpg\" alt=\"\" class=\"wp-image-471\" width=\"309\" height=\"232\" srcset=\"https:\/\/www.fassl-dl.com\/wp-content\/uploads\/2022\/03\/Besprechung_1_klein-1024x768.jpg 1024w, https:\/\/www.fassl-dl.com\/wp-content\/uploads\/2022\/03\/Besprechung_1_klein-300x225.jpg 300w, https:\/\/www.fassl-dl.com\/wp-content\/uploads\/2022\/03\/Besprechung_1_klein-768x576.jpg 768w, https:\/\/www.fassl-dl.com\/wp-content\/uploads\/2022\/03\/Besprechung_1_klein-660x495.jpg 660w, https:\/\/www.fassl-dl.com\/wp-content\/uploads\/2022\/03\/Besprechung_1_klein.jpg 1235w\" sizes=\"auto, (max-width: 309px) 100vw, 309px\" \/><\/a><\/figure>\n\n\n\n<h2 class=\"wp-block-heading\">Handel<\/h2>\n\n\n\n<p>Egal ob es sich um gr\u00f6\u00dfere Projekte, wie die Druckluft- und Werkzeugausstattung ganzer Produktionslinien handelt, die Lieferung von Kompressoren oder Werkzeugen oder auch &#8222;nur&#8220; um die Versorgung mit Verbrauchsmitteln. Wir arbeiten mit einer Vielzahl renommierter Hersteller zusammen und suchen nach der f\u00fcr Sie optimalen Kombination aus hoher Qualit\u00e4t und attraktivem Preis. <\/p>\n\n\n\n<figure class=\"wp-block-image size-large is-resized\"><a href=\"https:\/\/www.fassl-dl.com\/wp-content\/uploads\/2022\/03\/AR_greift-zum-Hoerer_klein.jpg\"><img loading=\"lazy\" decoding=\"async\" src=\"https:\/\/www.fassl-dl.com\/wp-content\/uploads\/2022\/03\/AR_greift-zum-Hoerer_klein-1024x768.jpg\" alt=\"\" class=\"wp-image-472\" width=\"331\" height=\"248\" srcset=\"https:\/\/www.fassl-dl.com\/wp-content\/uploads\/2022\/03\/AR_greift-zum-Hoerer_klein-1024x768.jpg 1024w, https:\/\/www.fassl-dl.com\/wp-content\/uploads\/2022\/03\/AR_greift-zum-Hoerer_klein-300x225.jpg 300w, https:\/\/www.fassl-dl.com\/wp-content\/uploads\/2022\/03\/AR_greift-zum-Hoerer_klein-768x576.jpg 768w, https:\/\/www.fassl-dl.com\/wp-content\/uploads\/2022\/03\/AR_greift-zum-Hoerer_klein-660x495.jpg 660w, https:\/\/www.fassl-dl.com\/wp-content\/uploads\/2022\/03\/AR_greift-zum-Hoerer_klein.jpg 1245w\" sizes=\"auto, (max-width: 331px) 100vw, 331px\" \/><\/a><\/figure>\n\n\n\n<div class=\"wp-block-group\"><div class=\"wp-block-group__inner-container is-layout-flow wp-block-group-is-layout-flow\">\n<div class=\"wp-block-group\"><div class=\"wp-block-group__inner-container is-layout-flow wp-block-group-is-layout-flow\">\n<figure class=\"wp-block-gallery columns-4 is-cropped wp-block-gallery-1 is-layout-flex wp-block-gallery-is-layout-flex\"><ul class=\"blocks-gallery-grid\"><li class=\"blocks-gallery-item\"><figure><img loading=\"lazy\" decoding=\"async\" width=\"300\" height=\"300\" src=\"https:\/\/www.fassl-dl.com\/wp-content\/uploads\/2020\/04\/Milwaukee-Regal-e1587555992626-300x300.jpg\" alt=\"\" data-id=\"351\" data-full-url=\"https:\/\/www.fassl-dl.com\/wp-content\/uploads\/2020\/04\/Milwaukee-Regal-e1587555992626.jpg\" data-link=\"https:\/\/www.fassl-dl.com\/?attachment_id=351\" class=\"wp-image-351\" srcset=\"https:\/\/www.fassl-dl.com\/wp-content\/uploads\/2020\/04\/Milwaukee-Regal-e1587555992626-300x300.jpg 300w, https:\/\/www.fassl-dl.com\/wp-content\/uploads\/2020\/04\/Milwaukee-Regal-e1587555992626-1024x1024.jpg 1024w, https:\/\/www.fassl-dl.com\/wp-content\/uploads\/2020\/04\/Milwaukee-Regal-e1587555992626-150x150.jpg 150w, https:\/\/www.fassl-dl.com\/wp-content\/uploads\/2020\/04\/Milwaukee-Regal-e1587555992626-768x768.jpg 768w, https:\/\/www.fassl-dl.com\/wp-content\/uploads\/2020\/04\/Milwaukee-Regal-e1587555992626-660x660.jpg 660w, https:\/\/www.fassl-dl.com\/wp-content\/uploads\/2020\/04\/Milwaukee-Regal-e1587555992626.jpg 1323w\" sizes=\"auto, (max-width: 300px) 100vw, 300px\" \/><\/figure><\/li><li class=\"blocks-gallery-item\"><figure><img loading=\"lazy\" decoding=\"async\" width=\"300\" height=\"300\" src=\"https:\/\/www.fassl-dl.com\/wp-content\/uploads\/2020\/04\/Klingspor-Regal-e1587556002837-300x300.jpg\" alt=\"\" data-id=\"350\" data-full-url=\"https:\/\/www.fassl-dl.com\/wp-content\/uploads\/2020\/04\/Klingspor-Regal-e1587556002837.jpg\" data-link=\"https:\/\/www.fassl-dl.com\/?attachment_id=350\" class=\"wp-image-350\" srcset=\"https:\/\/www.fassl-dl.com\/wp-content\/uploads\/2020\/04\/Klingspor-Regal-e1587556002837-300x300.jpg 300w, https:\/\/www.fassl-dl.com\/wp-content\/uploads\/2020\/04\/Klingspor-Regal-e1587556002837-1024x1024.jpg 1024w, https:\/\/www.fassl-dl.com\/wp-content\/uploads\/2020\/04\/Klingspor-Regal-e1587556002837-150x150.jpg 150w, https:\/\/www.fassl-dl.com\/wp-content\/uploads\/2020\/04\/Klingspor-Regal-e1587556002837-768x768.jpg 768w, https:\/\/www.fassl-dl.com\/wp-content\/uploads\/2020\/04\/Klingspor-Regal-e1587556002837-660x660.jpg 660w, https:\/\/www.fassl-dl.com\/wp-content\/uploads\/2020\/04\/Klingspor-Regal-e1587556002837.jpg 1512w\" sizes=\"auto, (max-width: 300px) 100vw, 300px\" \/><\/figure><\/li><li class=\"blocks-gallery-item\"><figure><img loading=\"lazy\" decoding=\"async\" width=\"300\" height=\"300\" src=\"https:\/\/www.fassl-dl.com\/wp-content\/uploads\/2020\/04\/Flurregal-mit-Bohrern-e1587556263825-300x300.jpg\" alt=\"\" data-id=\"348\" data-full-url=\"https:\/\/www.fassl-dl.com\/wp-content\/uploads\/2020\/04\/Flurregal-mit-Bohrern-e1587556263825.jpg\" data-link=\"https:\/\/www.fassl-dl.com\/?attachment_id=348\" class=\"wp-image-348\" srcset=\"https:\/\/www.fassl-dl.com\/wp-content\/uploads\/2020\/04\/Flurregal-mit-Bohrern-e1587556263825-300x300.jpg 300w, https:\/\/www.fassl-dl.com\/wp-content\/uploads\/2020\/04\/Flurregal-mit-Bohrern-e1587556263825-1024x1024.jpg 1024w, https:\/\/www.fassl-dl.com\/wp-content\/uploads\/2020\/04\/Flurregal-mit-Bohrern-e1587556263825-150x150.jpg 150w, https:\/\/www.fassl-dl.com\/wp-content\/uploads\/2020\/04\/Flurregal-mit-Bohrern-e1587556263825-768x768.jpg 768w, https:\/\/www.fassl-dl.com\/wp-content\/uploads\/2020\/04\/Flurregal-mit-Bohrern-e1587556263825-660x660.jpg 660w, https:\/\/www.fassl-dl.com\/wp-content\/uploads\/2020\/04\/Flurregal-mit-Bohrern-e1587556263825.jpg 1512w\" sizes=\"auto, (max-width: 300px) 100vw, 300px\" \/><\/figure><\/li><li class=\"blocks-gallery-item\"><figure><img loading=\"lazy\" decoding=\"async\" width=\"300\" height=\"300\" src=\"https:\/\/www.fassl-dl.com\/wp-content\/uploads\/2020\/04\/Flurregal-mit-Bohrern-und-S\u00e4gebl\u00e4ttern-e1587556325528-300x300.jpg\" alt=\"\" data-id=\"347\" data-full-url=\"https:\/\/www.fassl-dl.com\/wp-content\/uploads\/2020\/04\/Flurregal-mit-Bohrern-und-S\u00e4gebl\u00e4ttern-e1587556325528.jpg\" data-link=\"https:\/\/www.fassl-dl.com\/?attachment_id=347\" class=\"wp-image-347\" srcset=\"https:\/\/www.fassl-dl.com\/wp-content\/uploads\/2020\/04\/Flurregal-mit-Bohrern-und-S\u00e4gebl\u00e4ttern-e1587556325528-300x300.jpg 300w, https:\/\/www.fassl-dl.com\/wp-content\/uploads\/2020\/04\/Flurregal-mit-Bohrern-und-S\u00e4gebl\u00e4ttern-e1587556325528-1024x1024.jpg 1024w, https:\/\/www.fassl-dl.com\/wp-content\/uploads\/2020\/04\/Flurregal-mit-Bohrern-und-S\u00e4gebl\u00e4ttern-e1587556325528-150x150.jpg 150w, https:\/\/www.fassl-dl.com\/wp-content\/uploads\/2020\/04\/Flurregal-mit-Bohrern-und-S\u00e4gebl\u00e4ttern-e1587556325528-768x768.jpg 768w, https:\/\/www.fassl-dl.com\/wp-content\/uploads\/2020\/04\/Flurregal-mit-Bohrern-und-S\u00e4gebl\u00e4ttern-e1587556325528-660x660.jpg 660w, https:\/\/www.fassl-dl.com\/wp-content\/uploads\/2020\/04\/Flurregal-mit-Bohrern-und-S\u00e4gebl\u00e4ttern-e1587556325528.jpg 1512w\" sizes=\"auto, (max-width: 300px) 100vw, 300px\" \/><\/figure><\/li><\/ul><\/figure>\n<\/div><\/div>\n<\/div><\/div>\n\n\n\n<p><\/p>\n\n\n\n<h2 class=\"wp-block-heading\">Wartung und Reparatur<\/h2>\n\n\n\n<p>Unser  Service-Team wartet und repariert Kompressoren und Druckluftger\u00e4te  nahezu aller Hersteller. Dabei nutzen wir ausschlie\u00dflich Originalteile, die wir in vielen F\u00e4llen am Lager vorhalten. Wir legen h\u00f6chsten Wert auf  Qualit\u00e4t und Schnelligkeit, damit Ihre Systeme verl\u00e4sslich arbeiten,  bzw. schnellstm\u00f6glich wieder im Einsatz sind.<\/p>\n\n\n\n<p>Unsere Service-Mitarbeiter besuchen regelm\u00e4\u00dfig Schulungen und Weiterbildungsma\u00dfnahmen&nbsp;und sind damit immer auf dem neuesten Stand der Produkttechnologie.<\/p>\n\n\n\n<p>Wir bieten an: <\/p>\n\n\n\n<ul class=\"wp-block-list\"><li>Wartung und Reparatur von handgehaltenen Druckluftwerkzeugen in unserer eigenen Werkstatt<\/li><li>Auslegung und Bau von Rohrleitungssystemen&nbsp;(Kunststoff und Aluminium)<\/li><li>Technische Auslegung und Installation schl\u00fcsselfertiger Kompressorstationen (einschl. L\u00fcftungs- und Elektroarbeiten)<\/li><li>Wartung und Reparatur von Schrauben- und Kolbenkompressoren vor Ort beim Kunden oder in unserer Werkstatt<\/li><li>T\u00dcV &#8211; Vorbereitungsarbeiten an Druckluftbeh\u00e4ltern<\/li><\/ul>\n\n\n\n<figure class=\"wp-block-gallery columns-3 is-cropped wp-block-gallery-2 is-layout-flex wp-block-gallery-is-layout-flex\"><ul class=\"blocks-gallery-grid\"><li class=\"blocks-gallery-item\"><figure><img loading=\"lazy\" decoding=\"async\" width=\"471\" height=\"353\" src=\"https:\/\/www.fassl-dl.com\/wp-content\/uploads\/2022\/03\/Serviceteam-am-Auto_klein.jpg\" alt=\"\" data-id=\"458\" data-full-url=\"https:\/\/www.fassl-dl.com\/wp-content\/uploads\/2022\/03\/Serviceteam-am-Auto_klein.jpg\" data-link=\"https:\/\/www.fassl-dl.com\/?attachment_id=458\" class=\"wp-image-458\" srcset=\"https:\/\/www.fassl-dl.com\/wp-content\/uploads\/2022\/03\/Serviceteam-am-Auto_klein.jpg 471w, https:\/\/www.fassl-dl.com\/wp-content\/uploads\/2022\/03\/Serviceteam-am-Auto_klein-300x225.jpg 300w\" sizes=\"auto, (max-width: 471px) 100vw, 471px\" \/><\/figure><\/li><li class=\"blocks-gallery-item\"><figure><img loading=\"lazy\" decoding=\"async\" width=\"872\" height=\"654\" src=\"https:\/\/www.fassl-dl.com\/wp-content\/uploads\/2022\/03\/CKMiB-laden-Kompressor-aus-dem-Auto_3_klein.jpg\" alt=\"\" data-id=\"462\" data-full-url=\"https:\/\/www.fassl-dl.com\/wp-content\/uploads\/2022\/03\/CKMiB-laden-Kompressor-aus-dem-Auto_3_klein.jpg\" data-link=\"https:\/\/www.fassl-dl.com\/?attachment_id=462\" class=\"wp-image-462\" srcset=\"https:\/\/www.fassl-dl.com\/wp-content\/uploads\/2022\/03\/CKMiB-laden-Kompressor-aus-dem-Auto_3_klein.jpg 872w, https:\/\/www.fassl-dl.com\/wp-content\/uploads\/2022\/03\/CKMiB-laden-Kompressor-aus-dem-Auto_3_klein-300x225.jpg 300w, https:\/\/www.fassl-dl.com\/wp-content\/uploads\/2022\/03\/CKMiB-laden-Kompressor-aus-dem-Auto_3_klein-768x576.jpg 768w, https:\/\/www.fassl-dl.com\/wp-content\/uploads\/2022\/03\/CKMiB-laden-Kompressor-aus-dem-Auto_3_klein-660x495.jpg 660w\" sizes=\"auto, (max-width: 872px) 100vw, 872px\" \/><\/figure><\/li><li class=\"blocks-gallery-item\"><figure><img loading=\"lazy\" decoding=\"async\" width=\"890\" height=\"668\" src=\"https:\/\/www.fassl-dl.com\/wp-content\/uploads\/2022\/03\/20210831_X310043_klein.jpg\" alt=\"\" data-id=\"463\" data-full-url=\"https:\/\/www.fassl-dl.com\/wp-content\/uploads\/2022\/03\/20210831_X310043_klein.jpg\" data-link=\"https:\/\/www.fassl-dl.com\/?attachment_id=463\" class=\"wp-image-463\" srcset=\"https:\/\/www.fassl-dl.com\/wp-content\/uploads\/2022\/03\/20210831_X310043_klein.jpg 890w, https:\/\/www.fassl-dl.com\/wp-content\/uploads\/2022\/03\/20210831_X310043_klein-300x225.jpg 300w, https:\/\/www.fassl-dl.com\/wp-content\/uploads\/2022\/03\/20210831_X310043_klein-768x576.jpg 768w, https:\/\/www.fassl-dl.com\/wp-content\/uploads\/2022\/03\/20210831_X310043_klein-660x495.jpg 660w\" sizes=\"auto, (max-width: 890px) 100vw, 890px\" \/><\/figure><\/li><\/ul><\/figure>\n\n\n\n<div class=\"wp-block-group\"><div class=\"wp-block-group__inner-container is-layout-flow wp-block-group-is-layout-flow\">\n<figure class=\"wp-block-gallery columns-0 wp-block-gallery-3 is-layout-flex wp-block-gallery-is-layout-flex\"><ul class=\"blocks-gallery-grid\"><\/ul><\/figure>\n<\/div><\/div>\n","protected":false},"excerpt":{"rendered":"<p>Beratung Wir wollen Ihnen die optimale L\u00f6sung f\u00fcr Ihre Anforderung anzubieten. Daher setzen wir mit unserer Arbeit bereits bei einer umfassenden technischen Beratung an. Gemeinsam mit Ihnen analysieren wir Ihre Anforderungen und erarbeiten ein Konzept, das Ihren heutigen und zuk\u00fcnftigen Bed\u00fcrfnissen m\u00f6glichst optimal entspricht. Handel Egal ob es sich um gr\u00f6\u00dfere Projekte, wie die Druckluft-\u2026 <span class=\"read-more\"><a href=\"https:\/\/www.fassl-dl.com\/?page_id=170\">Weiterlesen &raquo;<\/a><\/span><\/p>\n","protected":false},"author":1,"featured_media":0,"parent":0,"menu_order":0,"comment_status":"closed","ping_status":"closed","template":"page-templates\/full-width.php","meta":{"footnotes":""},"class_list":["post-170","page","type-page","status-publish","hentry"],"_links":{"self":[{"href":"https:\/\/www.fassl-dl.com\/index.php?rest_route=\/wp\/v2\/pages\/170","targetHints":{"allow":["GET"]}}],"collection":[{"href":"https:\/\/www.fassl-dl.com\/index.php?rest_route=\/wp\/v2\/pages"}],"about":[{"href":"https:\/\/www.fassl-dl.com\/index.php?rest_route=\/wp\/v2\/types\/page"}],"author":[{"embeddable":true,"href":"https:\/\/www.fassl-dl.com\/index.php?rest_route=\/wp\/v2\/users\/1"}],"replies":[{"embeddable":true,"href":"https:\/\/www.fassl-dl.com\/index.php?rest_route=%2Fwp%2Fv2%2Fcomments&post=170"}],"version-history":[{"count":35,"href":"https:\/\/www.fassl-dl.com\/index.php?rest_route=\/wp\/v2\/pages\/170\/revisions"}],"predecessor-version":[{"id":666,"href":"https:\/\/www.fassl-dl.com\/index.php?rest_route=\/wp\/v2\/pages\/170\/revisions\/666"}],"wp:attachment":[{"href":"https:\/\/www.fassl-dl.com\/index.php?rest_route=%2Fwp%2Fv2%2Fmedia&parent=170"}],"curies":[{"name":"wp","href":"https:\/\/api.w.org\/{rel}","templated":true}]}}