{"id":140,"date":"2020-04-01T18:03:22","date_gmt":"2020-04-01T16:03:22","guid":{"rendered":"http:\/\/www.fassl-dl.com\/?page_id=140"},"modified":"2025-04-29T12:15:51","modified_gmt":"2025-04-29T11:15:51","slug":"angebot","status":"publish","type":"page","link":"https:\/\/www.fassl-dl.com\/?page_id=140","title":{"rendered":"Kernkompetenzen"},"content":{"rendered":"<p><!--StartFragment--><\/p>\n\n\n<div class=\"wp-block-group\"><div class=\"wp-block-group__inner-container is-layout-flow wp-block-group-is-layout-flow\">\n<div class=\"wp-block-group\"><div class=\"wp-block-group__inner-container is-layout-flow wp-block-group-is-layout-flow\">\n<div class=\"wp-block-columns is-layout-flex wp-container-core-columns-is-layout-1 wp-block-columns-is-layout-flex\">\n<div class=\"wp-block-column is-layout-flow wp-block-column-is-layout-flow\"><\/div>\n<\/div>\n<\/div><\/div>\n<\/div><\/div>\n\n\n\n<p>Unsere Kernkompetenzen liegen im Bereich Drucklufttechnik und Pneumatik. Wir  decken das gesamte Produkt- und Leistungsspektrum von der Erzeugung und  Aufbereitung von Druckluft \u00fcber die Verrohrung bis zu den  kundenindividuell ausgelegten Druckluftwerkzeugen ab.&nbsp;Ventile,  Pneumatikzylinder, Kupplungen, Verschraubungen&nbsp;und Schl\u00e4uche geh\u00f6ren  selbstverst\u00e4ndlich&nbsp;ebenfalls zu unserem Portfolio. Erg\u00e4nzt wird unser  Produktangebot durch Wartungs- und Serviceleistungen f\u00fcr Kompressoren  und Pneumatik-Werkzeuge nahezu aller Hersteller.&nbsp;&nbsp;<\/p>\n\n\n\n<ul class=\"wp-block-list\">\n<li>Suchen Sie einen kompetenten Partner im Bereich Drucklufttechnik, auf den Sie sich verlassen k\u00f6nnen?<\/li>\n\n\n\n<li>Wollen Sie qualitativ hochwertige und gleichzeitig kosteng\u00fcnstige\u00a0pneumatische L\u00f6sungen?<\/li>\n\n\n\n<li>Suchen Sie einen H\u00e4ndler,\u00a0der die f\u00fcr Sie optimale Systeml\u00f6sung entwickelt?<\/li>\n<\/ul>\n\n\n\n<p>Dann sind Sie richtig bei uns!<\/p>\n\n\n\n<p><\/p>\n\n\n<div class=\"wp-block-image\">\n<figure class=\"alignleft size-large is-resized\"><a href=\"https:\/\/www.unserebroschuere.de\/Fassl_Drucklufttechnik\/WebView\/\" target=\"_blank\" rel=\"Unsere Firmenbrosch\u00fcre noopener\"><img loading=\"lazy\" decoding=\"async\" width=\"176\" height=\"244\" src=\"https:\/\/www.fassl-dl.com\/wp-content\/uploads\/2022\/03\/FDLWDL-Broschuere-Mini_Blaettern.jpg\" alt=\"Unsere Firmenbrosch\u00fcre\" class=\"wp-image-497\" style=\"width:160px;height:222px\"\/><\/a><figcaption class=\"wp-element-caption\">Unsere Bl\u00e4tter-Brosch\u00fcre<\/figcaption><\/figure><\/div>\n\n<p><!--EndFragment--><\/p>\n<\/p>\n\n\n<div class=\"wp-block-group\"><div class=\"wp-block-group__inner-container is-layout-flow wp-block-group-is-layout-flow\">\n<p><\/p>\n<\/div><\/div>\n\n\n\n<div class=\"wp-block-group\"><div class=\"wp-block-group__inner-container is-layout-flow wp-block-group-is-layout-flow\">\n<p><\/p>\n\n\n\n<p><\/p>\n\n\n\n<pre class=\"wp-block-preformatted\"><\/pre>\n\n\n\n<p><\/p>\n<\/div><\/div>\n\n\n\n<div class=\"wp-block-group\"><div class=\"wp-block-group__inner-container is-layout-flow wp-block-group-is-layout-flow\">\n<h2 class=\"wp-block-heading\">Unsere Partner (Auszug)<\/h2>\n<\/div><\/div>\n\n\n\n<div class=\"wp-block-group\"><div class=\"wp-block-group__inner-container is-layout-flow wp-block-group-is-layout-flow\">\n<div class=\"wp-block-group\"><div class=\"wp-block-group__inner-container is-layout-flow wp-block-group-is-layout-flow\">\n<div class=\"wp-block-group\"><div class=\"wp-block-group__inner-container is-layout-flow wp-block-group-is-layout-flow\"><\/div><\/div>\n<\/div><\/div>\n\n\n\n<p><\/p>\n<\/div><\/div>\n\n\n\n<div class=\"wp-block-group\"><div class=\"wp-block-group__inner-container is-layout-flow wp-block-group-is-layout-flow\"><\/div><\/div>\n\n\n<div class=\"wp-block-image is-style-default\">\n<figure class=\"aligncenter size-full is-resized\"><img loading=\"lazy\" decoding=\"async\" width=\"320\" height=\"160\" src=\"https:\/\/www.fassl-dl.com\/wp-content\/uploads\/2022\/05\/Festo_Partner_Label_Screen_320x160.jpg\" alt=\"\" class=\"wp-image-517\" style=\"width:300px;height:150px\" srcset=\"https:\/\/www.fassl-dl.com\/wp-content\/uploads\/2022\/05\/Festo_Partner_Label_Screen_320x160.jpg 320w, https:\/\/www.fassl-dl.com\/wp-content\/uploads\/2022\/05\/Festo_Partner_Label_Screen_320x160-300x150.jpg 300w\" sizes=\"auto, (max-width: 320px) 100vw, 320px\" \/><figcaption class=\"wp-element-caption\">Pneumatische Automatisierungstechnik<\/figcaption><\/figure><\/div>\n\n\n<figure class=\"wp-block-image aligncenter size-large is-resized is-style-default\"><a href=\"https:\/\/www.fassl-dl.com\/wp-content\/uploads\/2024\/02\/Milwaukee_Logo_NBHD.jpg\"><img loading=\"lazy\" decoding=\"async\" width=\"1024\" height=\"614\" src=\"https:\/\/www.fassl-dl.com\/wp-content\/uploads\/2024\/02\/Milwaukee_Logo_NBHD-1024x614.jpg\" alt=\"Milwaukee Power-Tools\nAkku-Werkzeuge f\u00fcr hohe Anspr\u00e4che\" class=\"wp-image-618\" style=\"width:300px;height:176px\" srcset=\"https:\/\/www.fassl-dl.com\/wp-content\/uploads\/2024\/02\/Milwaukee_Logo_NBHD-1024x614.jpg 1024w, https:\/\/www.fassl-dl.com\/wp-content\/uploads\/2024\/02\/Milwaukee_Logo_NBHD-300x180.jpg 300w, https:\/\/www.fassl-dl.com\/wp-content\/uploads\/2024\/02\/Milwaukee_Logo_NBHD-768x461.jpg 768w, https:\/\/www.fassl-dl.com\/wp-content\/uploads\/2024\/02\/Milwaukee_Logo_NBHD-660x396.jpg 660w, https:\/\/www.fassl-dl.com\/wp-content\/uploads\/2024\/02\/Milwaukee_Logo_NBHD.jpg 1275w\" sizes=\"auto, (max-width: 1024px) 100vw, 1024px\" \/><\/a><figcaption class=\"wp-element-caption\">Akkuwerkzeuge <\/figcaption><\/figure>\n\n\n<div class=\"wp-block-image is-style-default\">\n<figure class=\"aligncenter size-full is-resized\"><img loading=\"lazy\" decoding=\"async\" width=\"1000\" height=\"158\" src=\"https:\/\/www.fassl-dl.com\/wp-content\/uploads\/2022\/05\/Kraenzle_Logo_klein-1.jpg\" alt=\"\" class=\"wp-image-523\" style=\"width:300px;height:65px\" srcset=\"https:\/\/www.fassl-dl.com\/wp-content\/uploads\/2022\/05\/Kraenzle_Logo_klein-1.jpg 1000w, https:\/\/www.fassl-dl.com\/wp-content\/uploads\/2022\/05\/Kraenzle_Logo_klein-1-300x47.jpg 300w, https:\/\/www.fassl-dl.com\/wp-content\/uploads\/2022\/05\/Kraenzle_Logo_klein-1-768x121.jpg 768w, https:\/\/www.fassl-dl.com\/wp-content\/uploads\/2022\/05\/Kraenzle_Logo_klein-1-660x104.jpg 660w\" sizes=\"auto, (max-width: 1000px) 100vw, 1000px\" \/><figcaption class=\"wp-element-caption\">Kr\u00e4nzle St\u00fctzpunkt f\u00fcr Handel &amp; Service<\/figcaption><\/figure><\/div>\n\n<div class=\"wp-block-image is-style-default\">\n<figure class=\"aligncenter size-large is-resized\"><a href=\"https:\/\/www.fassl-dl.com\/wp-content\/uploads\/2024\/02\/Logo-MetalWork.jpg\"><img loading=\"lazy\" decoding=\"async\" width=\"1024\" height=\"516\" src=\"https:\/\/www.fassl-dl.com\/wp-content\/uploads\/2024\/02\/Logo-MetalWork-1024x516.jpg\" alt=\"\" class=\"wp-image-642\" style=\"width:300px;height:152px\" srcset=\"https:\/\/www.fassl-dl.com\/wp-content\/uploads\/2024\/02\/Logo-MetalWork-1024x516.jpg 1024w, https:\/\/www.fassl-dl.com\/wp-content\/uploads\/2024\/02\/Logo-MetalWork-300x151.jpg 300w, https:\/\/www.fassl-dl.com\/wp-content\/uploads\/2024\/02\/Logo-MetalWork-768x387.jpg 768w, https:\/\/www.fassl-dl.com\/wp-content\/uploads\/2024\/02\/Logo-MetalWork-1536x774.jpg 1536w, https:\/\/www.fassl-dl.com\/wp-content\/uploads\/2024\/02\/Logo-MetalWork-660x332.jpg 660w, https:\/\/www.fassl-dl.com\/wp-content\/uploads\/2024\/02\/Logo-MetalWork.jpg 1771w\" sizes=\"auto, (max-width: 1024px) 100vw, 1024px\" \/><\/a><figcaption class=\"wp-element-caption\">Pneumatikkomponenten<\/figcaption><\/figure><\/div>\n\n\n<p><\/p>\n\n\n\n<p><\/p>\n\n\n\n<p><\/p>\n\n\n\n<div class=\"wp-block-group\"><div class=\"wp-block-group__inner-container is-layout-flow wp-block-group-is-layout-flow\">\n<div class=\"wp-block-group\"><div class=\"wp-block-group__inner-container is-layout-flow wp-block-group-is-layout-flow\"><div class=\"wp-block-image is-style-default\">\n<figure class=\"aligncenter size-large is-resized\"><img loading=\"lazy\" decoding=\"async\" width=\"1024\" height=\"309\" src=\"https:\/\/www.fassl-dl.com\/wp-content\/uploads\/2024\/02\/RENNER_Logo_2014-1024x309.jpg\" alt=\"\" class=\"wp-image-626\" style=\"width:300px;height:98px\" srcset=\"https:\/\/www.fassl-dl.com\/wp-content\/uploads\/2024\/02\/RENNER_Logo_2014-1024x309.jpg 1024w, https:\/\/www.fassl-dl.com\/wp-content\/uploads\/2024\/02\/RENNER_Logo_2014-300x91.jpg 300w, https:\/\/www.fassl-dl.com\/wp-content\/uploads\/2024\/02\/RENNER_Logo_2014-768x232.jpg 768w, https:\/\/www.fassl-dl.com\/wp-content\/uploads\/2024\/02\/RENNER_Logo_2014-1536x464.jpg 1536w, https:\/\/www.fassl-dl.com\/wp-content\/uploads\/2024\/02\/RENNER_Logo_2014-660x199.jpg 660w, https:\/\/www.fassl-dl.com\/wp-content\/uploads\/2024\/02\/RENNER_Logo_2014.jpg 1682w\" sizes=\"auto, (max-width: 1024px) 100vw, 1024px\" \/><figcaption class=\"wp-element-caption\">Kompressoren f\u00fcr Handwerk und Industrie<\/figcaption><\/figure><\/div><\/div><\/div>\n<\/div><\/div>\n\n\n<div class=\"wp-block-image is-style-default\">\n<figure class=\"aligncenter size-medium\"><a href=\"https:\/\/www.fassl-dl.com\/wp-content\/uploads\/2024\/02\/schneider-logo-1.jpg\"><img loading=\"lazy\" decoding=\"async\" width=\"300\" height=\"300\" src=\"https:\/\/www.fassl-dl.com\/wp-content\/uploads\/2024\/02\/schneider-logo-1-300x300.jpg\" alt=\"\" class=\"wp-image-628\" srcset=\"https:\/\/www.fassl-dl.com\/wp-content\/uploads\/2024\/02\/schneider-logo-1-300x300.jpg 300w, https:\/\/www.fassl-dl.com\/wp-content\/uploads\/2024\/02\/schneider-logo-1-150x150.jpg 150w, https:\/\/www.fassl-dl.com\/wp-content\/uploads\/2024\/02\/schneider-logo-1.jpg 354w\" sizes=\"auto, (max-width: 300px) 100vw, 300px\" \/><\/a><figcaption class=\"wp-element-caption\">Kompressoren und Werkzeuge<\/figcaption><\/figure><\/div>\n\n\n<p><\/p>\n\n\n<div class=\"wp-block-image is-style-default\">\n<figure class=\"aligncenter size-large is-resized\"><a href=\"https:\/\/www.fassl-dl.com\/wp-content\/uploads\/2024\/02\/jwl-logo-black-text-scaled.jpg\"><img loading=\"lazy\" decoding=\"async\" width=\"1024\" height=\"355\" src=\"https:\/\/www.fassl-dl.com\/wp-content\/uploads\/2024\/02\/jwl-logo-black-text-1024x355.jpg\" alt=\"\" class=\"wp-image-629\" style=\"width:300px;height:111px\" srcset=\"https:\/\/www.fassl-dl.com\/wp-content\/uploads\/2024\/02\/jwl-logo-black-text-1024x355.jpg 1024w, https:\/\/www.fassl-dl.com\/wp-content\/uploads\/2024\/02\/jwl-logo-black-text-300x104.jpg 300w, https:\/\/www.fassl-dl.com\/wp-content\/uploads\/2024\/02\/jwl-logo-black-text-768x266.jpg 768w, https:\/\/www.fassl-dl.com\/wp-content\/uploads\/2024\/02\/jwl-logo-black-text-1536x532.jpg 1536w, https:\/\/www.fassl-dl.com\/wp-content\/uploads\/2024\/02\/jwl-logo-black-text-2048x709.jpg 2048w, https:\/\/www.fassl-dl.com\/wp-content\/uploads\/2024\/02\/jwl-logo-black-text-660x229.jpg 660w\" sizes=\"auto, (max-width: 1024px) 100vw, 1024px\" \/><\/a><figcaption class=\"wp-element-caption\">Blaspistolen aus D\u00e4nemark<\/figcaption><\/figure><\/div>","protected":false},"excerpt":{"rendered":"<p>Unsere Kernkompetenzen liegen im Bereich Drucklufttechnik und Pneumatik. Wir decken das gesamte Produkt- und Leistungsspektrum von der Erzeugung und Aufbereitung von Druckluft \u00fcber die Verrohrung bis zu den kundenindividuell ausgelegten Druckluftwerkzeugen ab.&nbsp;Ventile, Pneumatikzylinder, Kupplungen, Verschraubungen&nbsp;und Schl\u00e4uche geh\u00f6ren selbstverst\u00e4ndlich&nbsp;ebenfalls zu unserem Portfolio. Erg\u00e4nzt wird unser Produktangebot durch Wartungs- und Serviceleistungen f\u00fcr Kompressoren und Pneumatik-Werkzeuge nahezu aller\u2026 <span class=\"read-more\"><a href=\"https:\/\/www.fassl-dl.com\/?page_id=140\">Weiterlesen &raquo;<\/a><\/span><\/p>\n","protected":false},"author":1,"featured_media":0,"parent":0,"menu_order":0,"comment_status":"closed","ping_status":"closed","template":"page-templates\/full-width.php","meta":{"footnotes":""},"class_list":["post-140","page","type-page","status-publish","hentry"],"_links":{"self":[{"href":"https:\/\/www.fassl-dl.com\/index.php?rest_route=\/wp\/v2\/pages\/140","targetHints":{"allow":["GET"]}}],"collection":[{"href":"https:\/\/www.fassl-dl.com\/index.php?rest_route=\/wp\/v2\/pages"}],"about":[{"href":"https:\/\/www.fassl-dl.com\/index.php?rest_route=\/wp\/v2\/types\/page"}],"author":[{"embeddable":true,"href":"https:\/\/www.fassl-dl.com\/index.php?rest_route=\/wp\/v2\/users\/1"}],"replies":[{"embeddable":true,"href":"https:\/\/www.fassl-dl.com\/index.php?rest_route=%2Fwp%2Fv2%2Fcomments&post=140"}],"version-history":[{"count":38,"href":"https:\/\/www.fassl-dl.com\/index.php?rest_route=\/wp\/v2\/pages\/140\/revisions"}],"predecessor-version":[{"id":693,"href":"https:\/\/www.fassl-dl.com\/index.php?rest_route=\/wp\/v2\/pages\/140\/revisions\/693"}],"wp:attachment":[{"href":"https:\/\/www.fassl-dl.com\/index.php?rest_route=%2Fwp%2Fv2%2Fmedia&parent=140"}],"curies":[{"name":"wp","href":"https:\/\/api.w.org\/{rel}","templated":true}]}}