{"id":139,"date":"2020-04-01T18:03:22","date_gmt":"2020-04-01T16:03:22","guid":{"rendered":"http:\/\/www.fassl-dl.com\/?page_id=139"},"modified":"2024-07-15T11:42:01","modified_gmt":"2024-07-15T10:42:01","slug":"wir-ueber-uns","status":"publish","type":"page","link":"https:\/\/www.fassl-dl.com\/?page_id=139","title":{"rendered":"Wir \u00fcber uns"},"content":{"rendered":"<p><!--StartFragment--><\/p>\n\n\n<div class=\"wp-block-image\"><figure class=\"alignleft size-large is-resized\"><a href=\"https:\/\/www.fassl-dl.com\/wp-content\/uploads\/2022\/03\/MFMB_1_klein.jpg\"><img loading=\"lazy\" decoding=\"async\" src=\"https:\/\/www.fassl-dl.com\/wp-content\/uploads\/2022\/03\/MFMB_1_klein-1024x768.jpg\" alt=\"\" class=\"wp-image-487\" width=\"500\" height=\"375\" srcset=\"https:\/\/www.fassl-dl.com\/wp-content\/uploads\/2022\/03\/MFMB_1_klein-1024x768.jpg 1024w, https:\/\/www.fassl-dl.com\/wp-content\/uploads\/2022\/03\/MFMB_1_klein-300x225.jpg 300w, https:\/\/www.fassl-dl.com\/wp-content\/uploads\/2022\/03\/MFMB_1_klein-768x576.jpg 768w, https:\/\/www.fassl-dl.com\/wp-content\/uploads\/2022\/03\/MFMB_1_klein-660x495.jpg 660w, https:\/\/www.fassl-dl.com\/wp-content\/uploads\/2022\/03\/MFMB_1_klein.jpg 1227w\" sizes=\"auto, (max-width: 500px) 100vw, 500px\" \/><\/a><figcaption>Das F\u00fchrungsteam: Markus Fassl und Matthias Buhlmann<\/figcaption><\/figure><\/div>\n\n\n\n<p><\/p>\n\n\n\n<p><\/p>\n\n\n\n<p><\/p>\n\n\n\n<p><\/p>\n\n\n\n<p><\/p>\n\n\n\n<p><\/p>\n\n\n\n<p><\/p>\n\n\n\n<p><\/p>\n\n\n\n<h2 class=\"wp-block-heading\">Fassl Drucklufttechnik<\/h2>\n\n\n\n<p><strong>Fassl Drucklufttechnik\u00a0<\/strong>mit  Sitz in\u00a0Freigericht in der N\u00e4he von\u00a0Hanau und Aschaffenburg hat sich  auf die Beratung, den Verkauf und die Wartung sowie Instandhaltung von  Druckluftwerkzeugen spezialisiert. Wir sind regelm\u00e4\u00dfig vor Ort bei  unseren Kunden und liefern anforderungsgerechte Druckluftl\u00f6sungen nebst  entsprechender Zubeh\u00f6r- und Verbrauchsteile. Wir verstehen uns als der  Partner an Ihrer Seite im Tagesgesch\u00e4ft, aber\u00a0auch \u00a0dann, wenn es um  besondere prozessuale Herausforderungen, wie Dokumentationen oder  Automatisierungsl\u00f6sungen, geht. Das gemeinsame Servicecenter f\u00fcr Wartung  und Instandhaltung von Kompressoren und Werkzeugen\u00a0befindet sich  ebenfalls am Standort Freigericht.<\/p>\n\n\n\n<p>Auch h\u00e4lt Fassl Drucklufttechnik umfangreiche Zubeh\u00f6rmaterialien und eine Auswahl an akkubetriebenen  Elektrowerkzeugen vor. Rufen Sie uns gerne unter 06055 937800 an. Sie finden uns Am Nordhang 5 im Ortsteil Horbach.<\/p>\n\n\n\n<div class=\"wp-block-image\"><figure class=\"alignleft\"><img loading=\"lazy\" decoding=\"async\" width=\"500\" height=\"375\" src=\"https:\/\/www.fassl-dl.com\/wp-content\/uploads\/2020\/04\/FDL_Teamportrait_klein-2.jpg\" alt=\"Gruppenfoto der Firma Fassl Drucklufttechnik\" class=\"wp-image-244\" srcset=\"https:\/\/www.fassl-dl.com\/wp-content\/uploads\/2020\/04\/FDL_Teamportrait_klein-2.jpg 500w, https:\/\/www.fassl-dl.com\/wp-content\/uploads\/2020\/04\/FDL_Teamportrait_klein-2-300x225.jpg 300w\" sizes=\"auto, (max-width: 500px) 100vw, 500px\" \/><figcaption>Fassl Team mit den zwei- und vierbeinigen Mitgliedern<\/figcaption><\/figure><\/div>\n\n\n\n<p><\/p>\n\n\n\n<p><\/p>\n\n\n\n<p><\/p>\n\n\n\n<p><\/p>\n\n\n\n<p><\/p>\n\n\n\n<p><\/p>\n\n\n\n<h2 class=\"wp-block-heading\"><\/h2>\n\n\n\n<p><\/p>\n\n\n\n<h2 class=\"wp-block-heading\">Werder Drucklufttechnik<\/h2>\n\n\n\n<p>Unsere Niederlassung <strong>Werder Drucklufttechnik<\/strong>&nbsp;in Altendiez in der N\u00e4he von Limburg\/Lahn&nbsp;bietet kompetente pers\u00f6nliche&nbsp;Beratung rund um Schraubtechnologie, Kompressoren und pneumatische Komponenten. In unserem Show-Room steht Ihnen unser Spezialistenteam gerne zur Seite. Kleinere Kompressoren, Druckluftzylinder und -antriebe sowie Ventile und Kupplungselemente in verschiedenen Qualit\u00e4ten und f\u00fcr unterschiedlichste Anwendungsf\u00e4lle haben wir immer vorr\u00e4tig. Auch Schl\u00e4uche und ein umfangreiches Zubeh\u00f6r k\u00f6nnen Sie nicht nur online, sondern auch&nbsp;in unserem Ladengesch\u00e4ft erwerben. Ebenso \u00fcbernehmen wir Ihre regelm\u00e4\u00dfige Kompressorwartung. <\/p>\n\n\n\n<p>Wenn es darum geht, konkrete Druckluftl\u00f6sungen f\u00fcr Ihre Anwendungsf\u00e4lle zu entwickeln, kommen wir selbstverst\u00e4ndlich auch gerne zu Ihnen. Basierend auf einer individuellen Analyse Ihres speziellen Anwendungsfalls erarbeiten wir gemeinsam mit Ihnen die f\u00fcr Sie technisch und wirtschaftlich sinnvollste Alternative.<\/p>\n\n\n\n<p>Sie erreichen die Firma Werder Drucklufttechnik im Petersfeld 6 in Altendiez oder telefonisch unter 06432 645267-0.<\/p>\n\n\n\n<div class=\"wp-block-image\"><figure class=\"alignleft size-full\"><img loading=\"lazy\" decoding=\"async\" width=\"500\" height=\"281\" src=\"https:\/\/www.fassl-dl.com\/wp-content\/uploads\/2020\/04\/WDL-Team-Theke_klein.jpg\" alt=\"\" class=\"wp-image-240\" srcset=\"https:\/\/www.fassl-dl.com\/wp-content\/uploads\/2020\/04\/WDL-Team-Theke_klein.jpg 500w, https:\/\/www.fassl-dl.com\/wp-content\/uploads\/2020\/04\/WDL-Team-Theke_klein-300x169.jpg 300w\" sizes=\"auto, (max-width: 500px) 100vw, 500px\" \/><figcaption>Werder Team im Verkaufsraum<\/figcaption><\/figure><\/div>\n\n\n\n<div class=\"wp-block-group is-layout-flow wp-block-group-is-layout-flow\"><div class=\"wp-block-group__inner-container\"><\/div><\/div>\n\n\n\n<p><\/p>\n","protected":false},"excerpt":{"rendered":"<p>Fassl Drucklufttechnik Fassl Drucklufttechnik\u00a0mit Sitz in\u00a0Freigericht in der N\u00e4he von\u00a0Hanau und Aschaffenburg hat sich auf die Beratung, den Verkauf und die Wartung sowie Instandhaltung von Druckluftwerkzeugen spezialisiert. Wir sind regelm\u00e4\u00dfig vor Ort bei unseren Kunden und liefern anforderungsgerechte Druckluftl\u00f6sungen nebst entsprechender Zubeh\u00f6r- und Verbrauchsteile. Wir verstehen uns als der Partner an Ihrer Seite im Tagesgesch\u00e4ft,\u2026 <span class=\"read-more\"><a href=\"https:\/\/www.fassl-dl.com\/?page_id=139\">Weiterlesen &raquo;<\/a><\/span><\/p>\n","protected":false},"author":1,"featured_media":0,"parent":0,"menu_order":0,"comment_status":"closed","ping_status":"closed","template":"page-templates\/full-width.php","meta":{"footnotes":""},"class_list":["post-139","page","type-page","status-publish","hentry"],"_links":{"self":[{"href":"https:\/\/www.fassl-dl.com\/index.php?rest_route=\/wp\/v2\/pages\/139","targetHints":{"allow":["GET"]}}],"collection":[{"href":"https:\/\/www.fassl-dl.com\/index.php?rest_route=\/wp\/v2\/pages"}],"about":[{"href":"https:\/\/www.fassl-dl.com\/index.php?rest_route=\/wp\/v2\/types\/page"}],"author":[{"embeddable":true,"href":"https:\/\/www.fassl-dl.com\/index.php?rest_route=\/wp\/v2\/users\/1"}],"replies":[{"embeddable":true,"href":"https:\/\/www.fassl-dl.com\/index.php?rest_route=%2Fwp%2Fv2%2Fcomments&post=139"}],"version-history":[{"count":37,"href":"https:\/\/www.fassl-dl.com\/index.php?rest_route=\/wp\/v2\/pages\/139\/revisions"}],"predecessor-version":[{"id":663,"href":"https:\/\/www.fassl-dl.com\/index.php?rest_route=\/wp\/v2\/pages\/139\/revisions\/663"}],"wp:attachment":[{"href":"https:\/\/www.fassl-dl.com\/index.php?rest_route=%2Fwp%2Fv2%2Fmedia&parent=139"}],"curies":[{"name":"wp","href":"https:\/\/api.w.org\/{rel}","templated":true}]}}